{"id":2,"date":"2022-07-22T16:12:02","date_gmt":"2022-07-22T16:12:02","guid":{"rendered":"http:\/\/sabrinapenloup.com\/?page_id=2"},"modified":"2024-10-20T14:15:19","modified_gmt":"2024-10-20T14:15:19","slug":"sample-page","status":"publish","type":"page","link":"https:\/\/sabrinapenloup.com\/?page_id=2","title":{"rendered":"Mon profil"},"content":{"rendered":"\n<p><strong>14 ann\u00e9es d\u2019exp\u00e9rience en marketing\/communication et \u00e9v\u00e8nementiel<\/strong> dans les secteurs aussi vari\u00e9s que l\u2019automobile, les transports, la presse, les t\u00e9l\u00e9communications, SS2I et SaaS (\u00e9diteurs de logiciels).<br><br>Mon parcours annonceur au sein de diff\u00e9rentes directions marketing\/communication  m&#8217;a permis de me construire un profil de cam\u00e9l\u00e9on. <br><br>Je suis une experte de <strong>pilotage de projet<\/strong> et <strong>production<\/strong> \ud83d\ude80 avec les diff\u00e9rentes parties prenantes\u00a0: agences, prestataires, d\u00e9cideurs ou sponsors internes du projet.<br><br>Mon savoir-faire couvre une large expertise g\u00e9n\u00e9raliste telle que la cr\u00e9ation de contenu, les Relations Presse, le marketing digital et l\u2019\u00e9v\u00e8nementiel. J&#8217;ai  une bonne compr\u00e9hension des <strong>enjeux business strat\u00e9giques<\/strong> et dispose de solides comp\u00e9tences op\u00e9rationnelles.<br><br>Bilingue anglais-fran\u00e7ais*, je suis fiable, \u00e9nergique, cr\u00e9ative et soucieuse de la satisfaction client. <br><br>Je m\u2019adapte rapidement \u00e0 diff\u00e9rentes cultures d\u2019entreprise, de la startup aux grandes structures CAC 40.<br><br><strong>Ce que je sais faire \/ Ce que j&#8217;aime faire<\/strong> \u2764\ufe0f<br><br>> challenger un projet<br>> faire \u00e9merger de nouvelles id\u00e9es<br>> trouver la meilleure proposition de valeur d\u2019un \u00e9v\u00e8nement<br>> travailler en collectif et en it\u00e9ration<br>> les enjeux business des entreprises : comprendre leurs ICP, mod\u00e8le \u00e9conomique et OKR<br>> le petit et moyen \u00e9v\u00e8nementiel business<br><br>Depuis mai 2021, je me suis lanc\u00e9e \u00e0 mon compte pour mettre \u00e0 profit mon expertise de consultant \u00e9v\u00e8nementiel (Orange, Cr\u00e9dit Agricole, startups dans l\u2019exp\u00e9rience client et supply chain) et j&#8217;ai \u00e0 c\u0153ur de proposer l\u2019\u00e9v\u00e8nementiel comme un media puissant pour booster business et marque<br>employeur \ud83d\ude80<br><br>*J\u2019ai fait mon CM2 \u00e0 l\u2019\u00e9cole primaire de Derby \ud83c\uddec\ud83c\udde7 \ud83d\udef9<br>Une sacr\u00e9e aventure d&#8217;expatriation que j&#8217;esp\u00e8re bien revivre en famille, one day!<\/p>\n\n\n\n<p><br><br><\/p>\n","protected":false},"excerpt":{"rendered":"<p>14 ann\u00e9es d\u2019exp\u00e9rience en marketing\/communication et \u00e9v\u00e8nementiel dans les secteurs aussi vari\u00e9s que l\u2019automobile, les transports, la presse, les t\u00e9l\u00e9communications, SS2I et SaaS (\u00e9diteurs de logiciels). Mon parcours annonceur au sein de diff\u00e9rentes directions marketing\/communication m&#8217;a permis de me construire un profil de cam\u00e9l\u00e9on. Je suis une experte de pilotage de projet et production \ud83d\ude80 [&hellip;]<\/p>\n","protected":false},"author":1,"featured_media":0,"parent":0,"menu_order":0,"comment_status":"closed","ping_status":"open","template":"","meta":{"om_disable_all_campaigns":false,"_monsterinsights_skip_tracking":false,"_monsterinsights_sitenote_active":false,"_monsterinsights_sitenote_note":"","_monsterinsights_sitenote_category":0},"aioseo_notices":[],"_links":{"self":[{"href":"https:\/\/sabrinapenloup.com\/index.php?rest_route=\/wp\/v2\/pages\/2"}],"collection":[{"href":"https:\/\/sabrinapenloup.com\/index.php?rest_route=\/wp\/v2\/pages"}],"about":[{"href":"https:\/\/sabrinapenloup.com\/index.php?rest_route=\/wp\/v2\/types\/page"}],"author":[{"embeddable":true,"href":"https:\/\/sabrinapenloup.com\/index.php?rest_route=\/wp\/v2\/users\/1"}],"replies":[{"embeddable":true,"href":"https:\/\/sabrinapenloup.com\/index.php?rest_route=%2Fwp%2Fv2%2Fcomments&post=2"}],"version-history":[{"count":8,"href":"https:\/\/sabrinapenloup.com\/index.php?rest_route=\/wp\/v2\/pages\/2\/revisions"}],"predecessor-version":[{"id":888,"href":"https:\/\/sabrinapenloup.com\/index.php?rest_route=\/wp\/v2\/pages\/2\/revisions\/888"}],"wp:attachment":[{"href":"https:\/\/sabrinapenloup.com\/index.php?rest_route=%2Fwp%2Fv2%2Fmedia&parent=2"}],"curies":[{"name":"wp","href":"https:\/\/api.w.org\/{rel}","templated":true}]}}