{"id":701,"date":"2020-11-25T14:11:00","date_gmt":"2020-11-25T14:11:00","guid":{"rendered":"http:\/\/sabrinapenloup.com\/?page_id=701"},"modified":"2023-09-18T16:01:34","modified_gmt":"2023-09-18T16:01:34","slug":"services","status":"publish","type":"page","link":"https:\/\/sabrinapenloup.com\/?page_id=701","title":{"rendered":"Services"},"content":{"rendered":"<h3>Small<\/h3>\n<p>Une prestation \u201cconseil\u201d en one-shot<\/p>\n<ul>\n<li>note d&#8217;intention comprenant des id\u00e9es de lieux, format, animation et contenu<\/li>\n<\/ul>\n<h3>Medium<\/h3>\n<p>Une expertise direction de projet sur votre \u00e9v\u00e8nement<\/p>\n<ul>\n<li>recommandation<\/li>\n<li>sourcing de prestataires<\/li>\n<li>coordination de prestataires<\/li>\n<li>coordination de contenu<\/li>\n<\/ul>\n<h3>Large<\/h3>\n<p>Une expertise direction de projet + production sur votre \u00e9v\u00e8nement<\/p>\n<ul>\n<li>recommandation<\/li>\n<li>sourcing de prestataires<\/li>\n<li>coordination de prestataires<\/li>\n<li>coordination d\u2019\u00e9quipes<\/li>\n<li>coordination de contenu<\/li>\n<li>retroplanning, plan d\u2019implantation, contact list, feuille de service<\/li>\n<li>production d\u2019\u00e9v\u00e8nement Jour J\n<p>\ud83d\udc49 voir <a href=\"http:\/\/sabrinapenloup.com\/wp-content\/uploads\/2023\/09\/Offre-de-services.pdf\">offre de service et m\u00e9thodologie<\/a><\/li>\n<\/ul>\n","protected":false},"excerpt":{"rendered":"<p>Small Une prestation \u201cconseil\u201d en one-shot note d&#8217;intention comprenant des id\u00e9es de lieux, format, animation et contenu Medium Une expertise direction de projet sur votre \u00e9v\u00e8nement recommandation sourcing de prestataires coordination de prestataires coordination de contenu Large Une expertise direction de projet + production sur votre \u00e9v\u00e8nement recommandation sourcing de prestataires coordination de prestataires coordination [&hellip;]<\/p>\n","protected":false},"author":1,"featured_media":0,"parent":0,"menu_order":0,"comment_status":"closed","ping_status":"closed","template":"","meta":{"om_disable_all_campaigns":false,"_monsterinsights_skip_tracking":false,"_monsterinsights_sitenote_active":false,"_monsterinsights_sitenote_note":"","_monsterinsights_sitenote_category":0},"aioseo_notices":[],"_links":{"self":[{"href":"https:\/\/sabrinapenloup.com\/index.php?rest_route=\/wp\/v2\/pages\/701"}],"collection":[{"href":"https:\/\/sabrinapenloup.com\/index.php?rest_route=\/wp\/v2\/pages"}],"about":[{"href":"https:\/\/sabrinapenloup.com\/index.php?rest_route=\/wp\/v2\/types\/page"}],"author":[{"embeddable":true,"href":"https:\/\/sabrinapenloup.com\/index.php?rest_route=\/wp\/v2\/users\/1"}],"replies":[{"embeddable":true,"href":"https:\/\/sabrinapenloup.com\/index.php?rest_route=%2Fwp%2Fv2%2Fcomments&post=701"}],"version-history":[{"count":9,"href":"https:\/\/sabrinapenloup.com\/index.php?rest_route=\/wp\/v2\/pages\/701\/revisions"}],"predecessor-version":[{"id":835,"href":"https:\/\/sabrinapenloup.com\/index.php?rest_route=\/wp\/v2\/pages\/701\/revisions\/835"}],"wp:attachment":[{"href":"https:\/\/sabrinapenloup.com\/index.php?rest_route=%2Fwp%2Fv2%2Fmedia&parent=701"}],"curies":[{"name":"wp","href":"https:\/\/api.w.org\/{rel}","templated":true}]}}