{"id":808,"date":"2023-05-12T16:13:24","date_gmt":"2023-05-12T16:13:24","guid":{"rendered":"https:\/\/sabrinapenloup.com\/?page_id=808"},"modified":"2024-12-13T10:04:29","modified_gmt":"2024-12-13T10:04:29","slug":"portfolio","status":"publish","type":"page","link":"https:\/\/sabrinapenloup.com\/?page_id=808","title":{"rendered":"Portfolio"},"content":{"rendered":"\t\t<div data-elementor-type=\"wp-page\" data-elementor-id=\"808\" class=\"elementor elementor-808\">\n\t\t\t\t\t\t\t\t\t<section class=\"elementor-section elementor-top-section elementor-element elementor-element-897eb0f elementor-section-boxed elementor-section-height-default elementor-section-height-default\" data-id=\"897eb0f\" data-element_type=\"section\">\n\t\t\t\t\t\t<div class=\"elementor-container elementor-column-gap-default\">\n\t\t\t\t\t<div class=\"elementor-column elementor-col-100 elementor-top-column elementor-element elementor-element-9395163\" data-id=\"9395163\" data-element_type=\"column\">\n\t\t\t<div class=\"elementor-widget-wrap elementor-element-populated\">\n\t\t\t\t\t\t\t\t<div class=\"elementor-element elementor-element-64ba12f elementor-arrows-position-inside elementor-pagination-position-outside elementor-widget elementor-widget-image-carousel\" data-id=\"64ba12f\" data-element_type=\"widget\" data-settings=\"{&quot;navigation&quot;:&quot;both&quot;,&quot;autoplay&quot;:&quot;yes&quot;,&quot;pause_on_hover&quot;:&quot;yes&quot;,&quot;pause_on_interaction&quot;:&quot;yes&quot;,&quot;autoplay_speed&quot;:5000,&quot;infinite&quot;:&quot;yes&quot;,&quot;speed&quot;:500}\" data-widget_type=\"image-carousel.default\">\n\t\t\t\t<div class=\"elementor-widget-container\">\n\t\t\t<style>\/*! elementor - v3.6.7 - 03-07-2022 *\/\n.elementor-widget-image-carousel .swiper-container{position:static}.elementor-widget-image-carousel .swiper-container .swiper-slide figure{line-height:inherit}.elementor-widget-image-carousel .swiper-slide{text-align:center}.elementor-image-carousel-wrapper:not(.swiper-container-initialized) .swiper-slide{max-width:calc(100% \/ var(--e-image-carousel-slides-to-show, 3))}<\/style>\t\t<div class=\"elementor-image-carousel-wrapper swiper-container\" dir=\"ltr\">\n\t\t\t<div class=\"elementor-image-carousel swiper-wrapper\">\n\t\t\t\t\t\t\t\t<div class=\"swiper-slide\"><figure class=\"swiper-slide-inner\"><img class=\"swiper-slide-image\" src=\"https:\/\/sabrinapenloup.com\/wp-content\/uploads\/2024\/07\/Salle-Wizville-Ambiance_52-12.33.09-150x150.jpg\" alt=\"Salle - Wizville - Ambiance_52 12.33.09\" \/><\/figure><\/div><div class=\"swiper-slide\"><figure class=\"swiper-slide-inner\"><img class=\"swiper-slide-image\" src=\"https:\/\/sabrinapenloup.com\/wp-content\/uploads\/2024\/07\/MG_5920-150x150.jpg\" alt=\"_MG_5920\" \/><\/figure><\/div><div class=\"swiper-slide\"><figure class=\"swiper-slide-inner\"><img class=\"swiper-slide-image\" src=\"https:\/\/sabrinapenloup.com\/wp-content\/uploads\/2022\/10\/PEZ00175-1-150x150.jpg\" alt=\"PEZ00175-1\" \/><\/figure><\/div><div class=\"swiper-slide\"><figure class=\"swiper-slide-inner\"><img class=\"swiper-slide-image\" src=\"https:\/\/sabrinapenloup.com\/wp-content\/uploads\/2024\/07\/A7403412-150x150.jpg\" alt=\"A7403412\" \/><\/figure><\/div>\t\t\t<\/div>\n\t\t\t\t\t\t\t\t\t\t\t\t<div class=\"swiper-pagination\"><\/div>\n\t\t\t\t\t\t\t\t\t\t\t\t\t<div class=\"elementor-swiper-button elementor-swiper-button-prev\">\n\t\t\t\t\t\t<i aria-hidden=\"true\" class=\"eicon-chevron-left\"><\/i>\t\t\t\t\t\t<span class=\"elementor-screen-only\">Previous<\/span>\n\t\t\t\t\t<\/div>\n\t\t\t\t\t<div class=\"elementor-swiper-button elementor-swiper-button-next\">\n\t\t\t\t\t\t<i aria-hidden=\"true\" class=\"eicon-chevron-right\"><\/i>\t\t\t\t\t\t<span class=\"elementor-screen-only\">Next<\/span>\n\t\t\t\t\t<\/div>\n\t\t\t\t\t\t\t\t\t<\/div>\n\t\t\t\t<\/div>\n\t\t\t\t<\/div>\n\t\t\t\t\t<\/div>\n\t\t<\/div>\n\t\t\t\t\t\t\t<\/div>\n\t\t<\/section>\n\t\t\t\t<section class=\"elementor-section elementor-top-section elementor-element elementor-element-dbe23b3 elementor-section-boxed elementor-section-height-default elementor-section-height-default\" data-id=\"dbe23b3\" data-element_type=\"section\">\n\t\t\t\t\t\t<div class=\"elementor-container elementor-column-gap-default\">\n\t\t\t\t\t<div class=\"elementor-column elementor-col-100 elementor-top-column elementor-element elementor-element-89139ad\" data-id=\"89139ad\" data-element_type=\"column\">\n\t\t\t<div class=\"elementor-widget-wrap elementor-element-populated\">\n\t\t\t\t\t\t\t\t<div class=\"elementor-element elementor-element-bdcd09d elementor-widget elementor-widget-text-editor\" data-id=\"bdcd09d\" data-element_type=\"widget\" data-widget_type=\"text-editor.default\">\n\t\t\t\t<div class=\"elementor-widget-container\">\n\t\t\t<style>\/*! elementor - v3.6.7 - 03-07-2022 *\/\n.elementor-widget-text-editor.elementor-drop-cap-view-stacked .elementor-drop-cap{background-color:#818a91;color:#fff}.elementor-widget-text-editor.elementor-drop-cap-view-framed .elementor-drop-cap{color:#818a91;border:3px solid;background-color:transparent}.elementor-widget-text-editor:not(.elementor-drop-cap-view-default) .elementor-drop-cap{margin-top:8px}.elementor-widget-text-editor:not(.elementor-drop-cap-view-default) .elementor-drop-cap-letter{width:1em;height:1em}.elementor-widget-text-editor .elementor-drop-cap{float:left;text-align:center;line-height:1;font-size:50px}.elementor-widget-text-editor .elementor-drop-cap-letter{display:inline-block}<\/style>\t\t\t\t<p>Orange &#8211; contenu pour \u00e9v\u00e8nement digital 230 pax, Paris<br><span style=\"letter-spacing: -0.17px;\">Cr\u00e9dit Agricole&nbsp;<\/span><span style=\"letter-spacing: -0.17px;\">&#8211;<\/span><span style=\"letter-spacing: -0.17px;\">&nbsp;AO convention digital 150 pax, Paris via l&#8217;agence CCE<\/span><br>Wizville &#8211; journ\u00e9e client 50 pax, Paris<br>Wakeo &#8211; soir\u00e9e client 50 pax, Paris<br>Wakeo&nbsp;<span style=\"letter-spacing: -0.17px;\">&#8211; matin\u00e9e client 50 pax, Amsterdam<\/span><br>Wakeo &#8211; salons professionnels, Hambourg, Munich, Paris et Barcelone<br>Transdev &#8211; soutien sur l&#8217;organisation d&#8217;une convention 250 pax, Marseille<br>Transdev &#8211; soutien sur salon professionnel, Paris<br>Transdev &#8211; organisation et production soir\u00e9e client \u00e0 la Felicita 300 pax, Paris<br>Monotype &#8211; conf\u00e9rence 150 pax, Paris<br>Cr\u00e9dit Agricole &#8211; contenu campagne digital voeux 2022, 2023 et 2024 via l&#8217;agence CCE<br>NHCO Laboratoire &#8211; s\u00e9minaire d&#8217;\u00e9quipe direction marketing, Paris<br>Wizville &#8211; remise de prix &#8220;Les Prix de la Satisfaction&#8221; 2023, Paris<br>Marsh \/ Mercer &#8211; recherche de lieux, id\u00e9es et animations de la soir\u00e9e, recherche et chiffrage de prestataires pour une soir\u00e9e interne 800 pax, Paris via l&#8217;agence CCE<br><span style=\"letter-spacing: -0.17px;\">Naval &#8211; chef de projet contenu et assistante plateau pour un \u00e9v\u00e8nement BtoB partenaire 300 pax, Massy via l&#8217;agence CCE<br><\/span><span style=\"letter-spacing: -0.17px;\">Naval &#8211; chef de projet contenu et assistante plateau pour un \u00e9v\u00e8nement interne 200 pax, Rennes via l&#8217;agence CCE<\/span><br><span style=\"letter-spacing: -0.17px;\">Wizville &#8211; remise de prix &#8220;Les Prix de la Satisfaction&#8221; 2024, Paris<br><\/span><span style=\"letter-spacing: -0.17px;\">TRSb&nbsp;<\/span><span style=\"background-color: var(--wp--preset--color--background); letter-spacing: -0.17px; font-size: var(--wp--preset--font-size--medium); font-family: var(--wp--preset--font-family--default); color: var(--wp--preset--color--foreground);\">&#8211; pl\u00e9ni\u00e8re 200 pax reveal new logo \/ convention interne, Paris<br>Hife &#8211; en renfort en tant que charg\u00e9e de production pour une inauguration 100 pax, Paris via l&#8217;agence Frog<br>Infoblox &#8211; \u00e9v\u00e8nement client 50 pax, Paris via l&#8217;agence Frog&nbsp;<br>Verso Healthcare&nbsp;<\/span><span style=\"letter-spacing: -0.17px;\">&#8211; en renfort en tant que charg\u00e9e de production pour une soir\u00e9e client partenaires 300 pax, Paris via l&#8217;agence Frog<br>Inolya&nbsp;<\/span><span style=\"letter-spacing: -0.17px;\">&#8211; chef de projet contenu pour un \u00e9v\u00e8nement interne 400 pax via l&#8217;agence CCE<br><\/span><span style=\"color: var(--wp--preset--color--foreground); font-family: var(--wp--preset--font-family--default); font-size: var(--wp--preset--font-size--medium); letter-spacing: -0.17px; background-color: var(--wp--preset--color--background);\">CPAM Val de Marne&nbsp;<\/span><span style=\"letter-spacing: -0.17px;\">&#8211; en renfort en tant que charg\u00e9e de production pour une soir\u00e9e interne remise de m\u00e9dailles du travail 200 pax, Cr\u00e9teil via l&#8217;agence Frog<\/span><span style=\"letter-spacing: -0.17px;\"><br><\/span><span style=\"letter-spacing: -0.17px;\">Naval &#8211; chef de projet contenu et assistante plateau pour un \u00e9v\u00e8nement BtoB partenaire 350 pax, Massy via l&#8217;agence CCE<\/span><span style=\"background-color: var(--wp--preset--color--background); letter-spacing: -0.17px; font-size: var(--wp--preset--font-size--medium); font-family: var(--wp--preset--font-family--default); color: var(--wp--preset--color--foreground);\"><br><br><\/span><\/p><p><span style=\"background-color: var(--wp--preset--color--background); letter-spacing: -0.17px; font-size: var(--wp--preset--font-size--medium); font-family: var(--wp--preset--font-family--default); color: var(--wp--preset--color--foreground);\"><br><\/span><\/p><p><span style=\"background-color: var(--wp--preset--color--background); letter-spacing: -0.17px; font-size: var(--wp--preset--font-size--medium); font-family: var(--wp--preset--font-family--default); color: var(--wp--preset--color--foreground);\"><br><\/span><\/p><p><span style=\"background-color: var(--wp--preset--color--background); letter-spacing: -0.17px; font-size: var(--wp--preset--font-size--medium); font-family: var(--wp--preset--font-family--default); color: var(--wp--preset--color--foreground);\"><br><\/span><\/p>\n<p>&gt;&gt;&gt; retrouvez <a href=\"https:\/\/www.malt.fr\/profile\/sabrinapenloup\" target=\"_blank\" rel=\"noopener\"><u>ici<\/u>&nbsp;sur mon profil Malt<\/a>&nbsp;diff\u00e9rentes r\u00e9f\u00e9rences \/ recommandations et avis clients&nbsp;<\/p><p><br><\/p>\t\t\t\t\t\t<\/div>\n\t\t\t\t<\/div>\n\t\t\t\t\t<\/div>\n\t\t<\/div>\n\t\t\t\t\t\t\t<\/div>\n\t\t<\/section>\n\t\t\t\t\t\t\t<\/div>\n\t\t","protected":false},"excerpt":{"rendered":"<p>Previous Next Orange &#8211; contenu pour \u00e9v\u00e8nement digital 230 pax, Paris Cr\u00e9dit Agricole&nbsp;&#8211;&nbsp;AO convention digital 150 pax, Paris via l&#8217;agence CCE Wizville &#8211; journ\u00e9e client 50 pax, Paris Wakeo &#8211; soir\u00e9e client 50 pax, Paris Wakeo&nbsp;&#8211; matin\u00e9e client 50 pax, Amsterdam Wakeo &#8211; salons professionnels, Hambourg, Munich, Paris et Barcelone Transdev &#8211; soutien sur l&#8217;organisation [&hellip;]<\/p>\n","protected":false},"author":1,"featured_media":0,"parent":0,"menu_order":0,"comment_status":"closed","ping_status":"closed","template":"","meta":{"om_disable_all_campaigns":false,"_monsterinsights_skip_tracking":false,"_monsterinsights_sitenote_active":false,"_monsterinsights_sitenote_note":"","_monsterinsights_sitenote_category":0},"aioseo_notices":[],"_links":{"self":[{"href":"https:\/\/sabrinapenloup.com\/index.php?rest_route=\/wp\/v2\/pages\/808"}],"collection":[{"href":"https:\/\/sabrinapenloup.com\/index.php?rest_route=\/wp\/v2\/pages"}],"about":[{"href":"https:\/\/sabrinapenloup.com\/index.php?rest_route=\/wp\/v2\/types\/page"}],"author":[{"embeddable":true,"href":"https:\/\/sabrinapenloup.com\/index.php?rest_route=\/wp\/v2\/users\/1"}],"replies":[{"embeddable":true,"href":"https:\/\/sabrinapenloup.com\/index.php?rest_route=%2Fwp%2Fv2%2Fcomments&post=808"}],"version-history":[{"count":53,"href":"https:\/\/sabrinapenloup.com\/index.php?rest_route=\/wp\/v2\/pages\/808\/revisions"}],"predecessor-version":[{"id":897,"href":"https:\/\/sabrinapenloup.com\/index.php?rest_route=\/wp\/v2\/pages\/808\/revisions\/897"}],"wp:attachment":[{"href":"https:\/\/sabrinapenloup.com\/index.php?rest_route=%2Fwp%2Fv2%2Fmedia&parent=808"}],"curies":[{"name":"wp","href":"https:\/\/api.w.org\/{rel}","templated":true}]}}